{"id":25,"date":"2020-12-08T03:54:06","date_gmt":"2020-12-08T03:54:06","guid":{"rendered":"https:\/\/gaviaspreview.com\/wp\/orgarium\/?page_id=25"},"modified":"2020-12-08T03:54:06","modified_gmt":"2020-12-08T03:54:06","slug":"news","status":"publish","type":"page","link":"https:\/\/veltenalimentos.com.br\/en\/news\/","title":{"rendered":"News"},"content":{"rendered":"<div data-elementor-type=\"wp-page\" data-elementor-id=\"25\" class=\"elementor elementor-25\">\n\t\t\t\t\t\t<section class=\"elementor-section elementor-top-section elementor-element elementor-element-59f29e4 elementor-section-full_width elementor-section-height-default elementor-section-height-default shape-bg-top-no shape-bg-bottom-no\" data-id=\"59f29e4\" data-element_type=\"section\">\n\t\t\t\t\t\t<div class=\"elementor-container elementor-column-gap-default\">\n\t\t\t\t\t<div class=\"elementor-column elementor-col-100 elementor-top-column elementor-element elementor-element-6754167\" data-id=\"6754167\" data-element_type=\"column\">\n\t\t\t<div class=\"elementor-widget-wrap elementor-element-populated\">\n\t\t\t\t\t\t<div class=\"elementor-element elementor-element-458306b elementor-widget elementor-widget-gva_post_breadcrumb\" data-id=\"458306b\" data-element_type=\"widget\" data-widget_type=\"gva_post_breadcrumb.default\">\n\t\t\t\t<div class=\"elementor-widget-container\">\n\t\t\t<div class=\"gva-element-gva_post_breadcrumb gva-element\">   \r\n<div class=\"post-breadcrumb\">\r\n   <div class=\"custom-breadcrumb\" >\r\n            <div class=\"breadcrumb-main\">\r\n        <div class=\"container\">\r\n          <div class=\"breadcrumb-container-inner\">\r\n            <h2 class=\"heading-title\">News<\/h2><ol class=\"breadcrumb\"><li><a href=\"https:\/\/veltenalimentos.com.br\/en\">Home<\/a> <\/li> <li class=\"active\">Page<\/li><\/ol>          <\/div>  \r\n        <\/div>   \r\n      <\/div>  \r\n   <\/div>\r\n<\/div>      \r\n\r\n<\/div>\t\t<\/div>\n\t\t\t\t<\/div>\n\t\t\t\t\t<\/div>\n\t\t<\/div>\n\t\t\t\t\t<\/div>\n\t\t<\/section>\n\t\t\t\t<section class=\"elementor-section elementor-top-section elementor-element elementor-element-1fbe8dbc elementor-section-boxed elementor-section-height-default elementor-section-height-default shape-bg-top-no shape-bg-bottom-no\" data-id=\"1fbe8dbc\" data-element_type=\"section\">\n\t\t\t\t\t\t<div class=\"elementor-container elementor-column-gap-default\">\n\t\t\t\t\t<div class=\"elementor-column elementor-col-100 elementor-top-column elementor-element elementor-element-505d4390\" data-id=\"505d4390\" data-element_type=\"column\">\n\t\t\t<div class=\"elementor-widget-wrap elementor-element-populated\">\n\t\t\t\t\t\t<div class=\"elementor-element elementor-element-962a554 elementor-widget elementor-widget-gva-posts\" data-id=\"962a554\" data-element_type=\"widget\" data-widget_type=\"gva-posts.default\">\n\t\t\t\t<div class=\"elementor-widget-container\">\n\t\t\t<div class=\"gva-element-gva-posts gva-element\">  \r\n  <div class=\"gva-posts-grid clearfix gva-posts\">\r\n\t\t<div class=\"gva-content-items\"> \r\n\t\t  <div class=\"lg-block-grid-3 md-block-grid-3 sm-block-grid-2 xs-block-grid-2 xx-block-grid-1\">\r\n\t\t\t <div class=\"item-columns\">\r\n   <article id=\"post-1823\" class=\"post post-style-1 post-1823 type-post status-publish format-standard has-post-thumbnail hentry category-midia\">\r\n      \r\n               <div class=\"post-thumbnail\">\r\n            <a href=\"https:\/\/veltenalimentos.com.br\/en\/2022\/10\/04\/confira-como-e-o-processo-de-producao-de-ovos-de-codorna-em-conserva-no-es\/\">\r\n               <img fetchpriority=\"high\" decoding=\"async\" width=\"580\" height=\"357\" src=\"https:\/\/veltenalimentos.com.br\/wp-content\/uploads\/2022\/10\/thumb-video-580x357.png\" class=\"attachment-post-thumbnail size-post-thumbnail wp-post-image\" alt=\"Confira como \u00e9 o processo de produ\u00e7\u00e3o de ovos de codorna em conserva no ES\" srcset=\"https:\/\/veltenalimentos.com.br\/wp-content\/uploads\/2022\/10\/thumb-video-580x357.png 580w, https:\/\/veltenalimentos.com.br\/wp-content\/uploads\/2022\/10\/thumb-video-18x10.png 18w\" sizes=\"(max-width: 580px) 100vw, 580px\" \/>            <\/a>\r\n                           <div class=\"entry-date\">\r\n                  <span class=\"date\">04<\/span>\r\n                  <span class=\"month\">Oct<\/span>\r\n               <\/div>\r\n                     <\/div>   \r\n         \r\n\r\n      <div class=\"entry-content has-thumbnail\">\r\n         <div class=\"content-inner\">\r\n            <span class=\"cat-links\"><a href=\"https:\/\/veltenalimentos.com.br\/en\/category\/midia\/\" rel=\"category tag\">M\u00eddia<\/a><\/span>            <h3 class=\"entry-title\"><a href=\"https:\/\/veltenalimentos.com.br\/en\/2022\/10\/04\/confira-como-e-o-processo-de-producao-de-ovos-de-codorna-em-conserva-no-es\/\" rel=\"bookmark\">Confira como \u00e9 o processo de produ\u00e7\u00e3o de ovos de codorna em conserva no ES<\/a><\/h3>\r\n            <div class=\"entry-meta\">\r\n               <div class=\"clearfix meta-inline post-meta-1\"><span class=\"author vcard\"><i class=\"far fa-user-circle\"><\/i>valberandrade<\/span><span class=\"post-comment\"><i class=\"far fa-comments\"><\/i>0 Comments<\/span><\/div>            <\/div> \r\n         <\/div>\r\n         <div class=\"read-more\">\r\n            <a class=\"btn-read-more\" href=\"https:\/\/veltenalimentos.com.br\/en\/2022\/10\/04\/confira-como-e-o-processo-de-producao-de-ovos-de-codorna-em-conserva-no-es\/\">Read more<i class=\"fa-regular fa-circle-right\"><\/i><\/a>\r\n         <\/div>\r\n      <\/div>\r\n   <\/article>   \r\n\r\n  <\/div><div class=\"item-columns\">\r\n   <article id=\"post-48\" class=\"post post-style-1 post-48 type-post status-publish format-standard has-post-thumbnail hentry category-receitas tag-facil tag-nutritivo tag-ovos-de-codorna tag-receitas tag-salada\">\r\n      \r\n               <div class=\"post-thumbnail\">\r\n            <a href=\"https:\/\/veltenalimentos.com.br\/en\/2020\/03\/08\/saladinha-fresca-com-o-que-tiver-em-casa\/\">\r\n               <img decoding=\"async\" width=\"580\" height=\"435\" src=\"https:\/\/veltenalimentos.com.br\/wp-content\/uploads\/2020\/03\/WhatsApp-Image-2022-10-04-at-11.03.44-580x435.jpeg\" class=\"attachment-post-thumbnail size-post-thumbnail wp-post-image\" alt=\"Saladinha fresca com o que tiver em casa\" \/>            <\/a>\r\n                           <div class=\"entry-date\">\r\n                  <span class=\"date\">08<\/span>\r\n                  <span class=\"month\">Mar<\/span>\r\n               <\/div>\r\n                     <\/div>   \r\n         \r\n\r\n      <div class=\"entry-content has-thumbnail\">\r\n         <div class=\"content-inner\">\r\n            <span class=\"cat-links\"><a href=\"https:\/\/veltenalimentos.com.br\/en\/category\/receitas\/\" rel=\"category tag\">Receitas<\/a><\/span>            <h3 class=\"entry-title\"><a href=\"https:\/\/veltenalimentos.com.br\/en\/2020\/03\/08\/saladinha-fresca-com-o-que-tiver-em-casa\/\" rel=\"bookmark\">Saladinha fresca com o que tiver em casa<\/a><\/h3>\r\n            <div class=\"entry-meta\">\r\n               <div class=\"clearfix meta-inline post-meta-1\"><span class=\"author vcard\"><i class=\"far fa-user-circle\"><\/i>valberandrade<\/span><span class=\"post-comment\"><i class=\"far fa-comments\"><\/i>3 Comments<\/span><\/div>            <\/div> \r\n         <\/div>\r\n         <div class=\"read-more\">\r\n            <a class=\"btn-read-more\" href=\"https:\/\/veltenalimentos.com.br\/en\/2020\/03\/08\/saladinha-fresca-com-o-que-tiver-em-casa\/\">Read more<i class=\"fa-regular fa-circle-right\"><\/i><\/a>\r\n         <\/div>\r\n      <\/div>\r\n   <\/article>   \r\n\r\n  <\/div><div class=\"item-columns\">\r\n   <article id=\"post-47\" class=\"post post-style-1 post-47 type-post status-publish format-standard has-post-thumbnail hentry category-receitas tag-aperitivo tag-ovos-de-codorna tag-salame\">\r\n      \r\n               <div class=\"post-thumbnail\">\r\n            <a href=\"https:\/\/veltenalimentos.com.br\/en\/2020\/03\/08\/aperitivo-de-ovos-de-codorna-com-salame\/\">\r\n               <img decoding=\"async\" width=\"580\" height=\"435\" src=\"https:\/\/veltenalimentos.com.br\/wp-content\/uploads\/2020\/03\/WhatsApp-Image-2022-10-04-at-11.03.45-580x435.jpeg\" class=\"attachment-post-thumbnail size-post-thumbnail wp-post-image\" alt=\"Aprenda a preparar Aperitivo de Ovos de Codorna com Salame\" \/>            <\/a>\r\n                           <div class=\"entry-date\">\r\n                  <span class=\"date\">08<\/span>\r\n                  <span class=\"month\">Mar<\/span>\r\n               <\/div>\r\n                     <\/div>   \r\n         \r\n\r\n      <div class=\"entry-content has-thumbnail\">\r\n         <div class=\"content-inner\">\r\n            <span class=\"cat-links\"><a href=\"https:\/\/veltenalimentos.com.br\/en\/category\/receitas\/\" rel=\"category tag\">Receitas<\/a><\/span>            <h3 class=\"entry-title\"><a href=\"https:\/\/veltenalimentos.com.br\/en\/2020\/03\/08\/aperitivo-de-ovos-de-codorna-com-salame\/\" rel=\"bookmark\">Aprenda a preparar Aperitivo de Ovos de Codorna com Salame<\/a><\/h3>\r\n            <div class=\"entry-meta\">\r\n               <div class=\"clearfix meta-inline post-meta-1\"><span class=\"author vcard\"><i class=\"far fa-user-circle\"><\/i>valberandrade<\/span><span class=\"post-comment\"><i class=\"far fa-comments\"><\/i>0 Comments<\/span><\/div>            <\/div> \r\n         <\/div>\r\n         <div class=\"read-more\">\r\n            <a class=\"btn-read-more\" href=\"https:\/\/veltenalimentos.com.br\/en\/2020\/03\/08\/aperitivo-de-ovos-de-codorna-com-salame\/\">Read more<i class=\"fa-regular fa-circle-right\"><\/i><\/a>\r\n         <\/div>\r\n      <\/div>\r\n   <\/article>   \r\n\r\n  <\/div><div class=\"item-columns\">\r\n   <article id=\"post-46\" class=\"post post-style-1 post-46 type-post status-publish format-standard has-post-thumbnail hentry category-dicas tag-dicas tag-ovos-de-codorna tag-tabua-de-frios\">\r\n      \r\n               <div class=\"post-thumbnail\">\r\n            <a href=\"https:\/\/veltenalimentos.com.br\/en\/2020\/03\/08\/dicas-para-montar-uma-tabua-de-frios\/\">\r\n               <img loading=\"lazy\" decoding=\"async\" width=\"580\" height=\"435\" src=\"https:\/\/veltenalimentos.com.br\/wp-content\/uploads\/2020\/03\/WhatsApp-Image-2022-10-04-at-11.03.46-580x435.jpeg\" class=\"attachment-post-thumbnail size-post-thumbnail wp-post-image\" alt=\"Dicas para montar uma T\u00e1bua de Frios\" \/>            <\/a>\r\n                           <div class=\"entry-date\">\r\n                  <span class=\"date\">08<\/span>\r\n                  <span class=\"month\">Mar<\/span>\r\n               <\/div>\r\n                     <\/div>   \r\n         \r\n\r\n      <div class=\"entry-content has-thumbnail\">\r\n         <div class=\"content-inner\">\r\n            <span class=\"cat-links\"><a href=\"https:\/\/veltenalimentos.com.br\/en\/category\/dicas\/\" rel=\"category tag\">Dicas<\/a><\/span>            <h3 class=\"entry-title\"><a href=\"https:\/\/veltenalimentos.com.br\/en\/2020\/03\/08\/dicas-para-montar-uma-tabua-de-frios\/\" rel=\"bookmark\">Dicas para montar uma T\u00e1bua de Frios<\/a><\/h3>\r\n            <div class=\"entry-meta\">\r\n               <div class=\"clearfix meta-inline post-meta-1\"><span class=\"author vcard\"><i class=\"far fa-user-circle\"><\/i>valberandrade<\/span><span class=\"post-comment\"><i class=\"far fa-comments\"><\/i>0 Comments<\/span><\/div>            <\/div> \r\n         <\/div>\r\n         <div class=\"read-more\">\r\n            <a class=\"btn-read-more\" href=\"https:\/\/veltenalimentos.com.br\/en\/2020\/03\/08\/dicas-para-montar-uma-tabua-de-frios\/\">Read more<i class=\"fa-regular fa-circle-right\"><\/i><\/a>\r\n         <\/div>\r\n      <\/div>\r\n   <\/article>   \r\n\r\n  <\/div>\t\t  <\/div>\r\n\t\t<\/div>\r\n\t\t\t\t\t <div class=\"pagination\">\r\n\t\t\t\t  \t\t\t <\/div>\r\n\t\t  <\/div>\r\n  <\/div>\t\t<\/div>\n\t\t\t\t<\/div>\n\t\t\t\t\t<\/div>\n\t\t<\/div>\n\t\t\t\t\t<\/div>\n\t\t<\/section>\n\t\t\t\t<section class=\"elementor-section elementor-top-section elementor-element elementor-element-d47b474 elementor-section-boxed elementor-section-height-default elementor-section-height-default shape-bg-top-no shape-bg-bottom-no\" data-id=\"d47b474\" data-element_type=\"section\" data-settings=\"{&quot;background_background&quot;:&quot;classic&quot;}\">\n\t\t\t\t\t\t\t<div class=\"elementor-background-overlay\"><\/div>\n\t\t\t\t\t\t\t<div class=\"elementor-container elementor-column-gap-default\">\n\t\t\t\t\t<div class=\"elementor-column elementor-col-50 elementor-top-column elementor-element elementor-element-1fbd2eb\" data-id=\"1fbd2eb\" data-element_type=\"column\">\n\t\t\t<div class=\"elementor-widget-wrap elementor-element-populated\">\n\t\t\t\t\t\t<div class=\"elementor-element elementor-element-e32966c elementor-widget elementor-widget-gva-heading-block\" data-id=\"e32966c\" data-element_type=\"widget\" data-widget_type=\"gva-heading-block.default\">\n\t\t\t\t<div class=\"elementor-widget-container\">\n\t\t\t<div class=\"gva-element-gva-heading-block gva-element\">   <div class=\"align-left style-1 widget gsc-heading box-align-left auto-responsive\">\r\n      <div class=\"content-inner\">\r\n         \r\n                  \r\n           \r\n         \r\n                     <h2 class=\"title\">\r\n               <span>Organic food is very popular and good for health these days.<\/span>\r\n            <\/h2>\r\n                  \r\n         \r\n      <\/div>\r\n   <\/div>\r\n<\/div>\t\t<\/div>\n\t\t\t\t<\/div>\n\t\t\t\t\t<\/div>\n\t\t<\/div>\n\t\t\t\t<div class=\"elementor-column elementor-col-50 elementor-top-column elementor-element elementor-element-25adf6d\" data-id=\"25adf6d\" data-element_type=\"column\">\n\t\t\t<div class=\"elementor-widget-wrap elementor-element-populated\">\n\t\t\t\t\t\t<div class=\"elementor-element elementor-element-23b711c elementor-widget__width-auto elementor-widget elementor-widget-html\" data-id=\"23b711c\" data-element_type=\"widget\" data-widget_type=\"html.default\">\n\t\t\t\t<div class=\"elementor-widget-container\">\n\t\t\t<a class=\"btn-white\" href=\"https:\/\/gaviaspreview.com\/wp\/orgarium\/about\/\">\n    About Us\n<\/a>\t\t<\/div>\n\t\t\t\t<\/div>\n\t\t\t\t\t<\/div>\n\t\t<\/div>\n\t\t\t\t\t<\/div>\n\t\t<\/section>\n\t\t\t\t<\/div>","protected":false},"excerpt":{"rendered":"<p>25 startups best to sell organic products Home 08 Mar Organic Foods The Climate Change Mitigation Potential admin3 Comments Read more 08 Mar Organic Vegetables Organic food export can transform [&hellip;]<\/p>","protected":false},"author":1,"featured_media":0,"parent":0,"menu_order":0,"comment_status":"closed","ping_status":"closed","template":"","meta":{"footnotes":""},"class_list":["post-25","page","type-page","status-publish","hentry"],"yoast_head":"<!-- This site is optimized with the Yoast SEO plugin v27.5 - https:\/\/yoast.com\/product\/yoast-seo-wordpress\/ -->\n<title>News - Velten Alimentos<\/title>\n<meta name=\"robots\" content=\"index, follow, max-snippet:-1, max-image-preview:large, max-video-preview:-1\" \/>\n<link rel=\"canonical\" href=\"https:\/\/veltenalimentos.com.br\/en\/news\/\" \/>\n<meta property=\"og:locale\" content=\"en_US\" \/>\n<meta property=\"og:type\" content=\"article\" \/>\n<meta property=\"og:title\" content=\"News - Velten Alimentos\" \/>\n<meta property=\"og:description\" content=\"25 startups best to sell organic products Home 08 Mar Organic Foods The Climate Change Mitigation Potential admin3 Comments Read more 08 Mar Organic Vegetables Organic food export can transform [&hellip;]\" \/>\n<meta property=\"og:url\" content=\"https:\/\/veltenalimentos.com.br\/en\/news\/\" \/>\n<meta property=\"og:site_name\" content=\"Velten Alimentos\" \/>\n<meta name=\"twitter:card\" content=\"summary_large_image\" \/>\n<meta name=\"twitter:label1\" content=\"Est. reading time\" \/>\n\t<meta name=\"twitter:data1\" content=\"1 minute\" \/>\n<script type=\"application\/ld+json\" class=\"yoast-schema-graph\">{\"@context\":\"https:\\\/\\\/schema.org\",\"@graph\":[{\"@type\":\"WebPage\",\"@id\":\"https:\\\/\\\/veltenalimentos.com.br\\\/news\\\/\",\"url\":\"https:\\\/\\\/veltenalimentos.com.br\\\/news\\\/\",\"name\":\"News - Velten Alimentos\",\"isPartOf\":{\"@id\":\"https:\\\/\\\/veltenalimentos.com.br\\\/#website\"},\"datePublished\":\"2020-12-08T03:54:06+00:00\",\"breadcrumb\":{\"@id\":\"https:\\\/\\\/veltenalimentos.com.br\\\/news\\\/#breadcrumb\"},\"inLanguage\":\"en-US\",\"potentialAction\":[{\"@type\":\"ReadAction\",\"target\":[\"https:\\\/\\\/veltenalimentos.com.br\\\/news\\\/\"]}]},{\"@type\":\"BreadcrumbList\",\"@id\":\"https:\\\/\\\/veltenalimentos.com.br\\\/news\\\/#breadcrumb\",\"itemListElement\":[{\"@type\":\"ListItem\",\"position\":1,\"name\":\"In\u00edcio\",\"item\":\"https:\\\/\\\/veltenalimentos.com.br\\\/\"},{\"@type\":\"ListItem\",\"position\":2,\"name\":\"News\"}]},{\"@type\":\"WebSite\",\"@id\":\"https:\\\/\\\/veltenalimentos.com.br\\\/#website\",\"url\":\"https:\\\/\\\/veltenalimentos.com.br\\\/\",\"name\":\"Velten Alimentos\",\"description\":\"Ovos de Codorna em Conserva\",\"potentialAction\":[{\"@type\":\"SearchAction\",\"target\":{\"@type\":\"EntryPoint\",\"urlTemplate\":\"https:\\\/\\\/veltenalimentos.com.br\\\/?s={search_term_string}\"},\"query-input\":{\"@type\":\"PropertyValueSpecification\",\"valueRequired\":true,\"valueName\":\"search_term_string\"}}],\"inLanguage\":\"en-US\"}]}<\/script>\n<!-- \/ Yoast SEO plugin. -->","yoast_head_json":{"title":"News - Velten Alimentos","robots":{"index":"index","follow":"follow","max-snippet":"max-snippet:-1","max-image-preview":"max-image-preview:large","max-video-preview":"max-video-preview:-1"},"canonical":"https:\/\/veltenalimentos.com.br\/en\/news\/","og_locale":"en_US","og_type":"article","og_title":"News - Velten Alimentos","og_description":"25 startups best to sell organic products Home 08 Mar Organic Foods The Climate Change Mitigation Potential admin3 Comments Read more 08 Mar Organic Vegetables Organic food export can transform [&hellip;]","og_url":"https:\/\/veltenalimentos.com.br\/en\/news\/","og_site_name":"Velten Alimentos","twitter_card":"summary_large_image","twitter_misc":{"Est. reading time":"1 minute"},"schema":{"@context":"https:\/\/schema.org","@graph":[{"@type":"WebPage","@id":"https:\/\/veltenalimentos.com.br\/news\/","url":"https:\/\/veltenalimentos.com.br\/news\/","name":"News - Velten Alimentos","isPartOf":{"@id":"https:\/\/veltenalimentos.com.br\/#website"},"datePublished":"2020-12-08T03:54:06+00:00","breadcrumb":{"@id":"https:\/\/veltenalimentos.com.br\/news\/#breadcrumb"},"inLanguage":"en-US","potentialAction":[{"@type":"ReadAction","target":["https:\/\/veltenalimentos.com.br\/news\/"]}]},{"@type":"BreadcrumbList","@id":"https:\/\/veltenalimentos.com.br\/news\/#breadcrumb","itemListElement":[{"@type":"ListItem","position":1,"name":"In\u00edcio","item":"https:\/\/veltenalimentos.com.br\/"},{"@type":"ListItem","position":2,"name":"News"}]},{"@type":"WebSite","@id":"https:\/\/veltenalimentos.com.br\/#website","url":"https:\/\/veltenalimentos.com.br\/","name":"Velten Alimentos","description":"Ovos de Codorna em Conserva","potentialAction":[{"@type":"SearchAction","target":{"@type":"EntryPoint","urlTemplate":"https:\/\/veltenalimentos.com.br\/?s={search_term_string}"},"query-input":{"@type":"PropertyValueSpecification","valueRequired":true,"valueName":"search_term_string"}}],"inLanguage":"en-US"}]}},"_links":{"self":[{"href":"https:\/\/veltenalimentos.com.br\/en\/wp-json\/wp\/v2\/pages\/25","targetHints":{"allow":["GET"]}}],"collection":[{"href":"https:\/\/veltenalimentos.com.br\/en\/wp-json\/wp\/v2\/pages"}],"about":[{"href":"https:\/\/veltenalimentos.com.br\/en\/wp-json\/wp\/v2\/types\/page"}],"author":[{"embeddable":true,"href":"https:\/\/veltenalimentos.com.br\/en\/wp-json\/wp\/v2\/users\/1"}],"replies":[{"embeddable":true,"href":"https:\/\/veltenalimentos.com.br\/en\/wp-json\/wp\/v2\/comments?post=25"}],"version-history":[{"count":0,"href":"https:\/\/veltenalimentos.com.br\/en\/wp-json\/wp\/v2\/pages\/25\/revisions"}],"wp:attachment":[{"href":"https:\/\/veltenalimentos.com.br\/en\/wp-json\/wp\/v2\/media?parent=25"}],"curies":[{"name":"wp","href":"https:\/\/api.w.org\/{rel}","templated":true}]}}