{"id":26,"date":"2020-12-08T03:54:16","date_gmt":"2020-12-08T03:54:16","guid":{"rendered":"https:\/\/gaviaspreview.com\/wp\/orgarium\/?page_id=26"},"modified":"2020-12-08T03:54:16","modified_gmt":"2020-12-08T03:54:16","slug":"news-2","status":"publish","type":"page","link":"https:\/\/veltenalimentos.com.br\/en\/news-2\/","title":{"rendered":"News II"},"content":{"rendered":"<div data-elementor-type=\"wp-page\" data-elementor-id=\"26\" class=\"elementor elementor-26\">\n\t\t\t\t\t\t<section class=\"elementor-section elementor-top-section elementor-element elementor-element-bab952e elementor-section-full_width elementor-section-height-default elementor-section-height-default shape-bg-top-no shape-bg-bottom-no\" data-id=\"bab952e\" data-element_type=\"section\">\n\t\t\t\t\t\t<div class=\"elementor-container elementor-column-gap-default\">\n\t\t\t\t\t<div class=\"elementor-column elementor-col-100 elementor-top-column elementor-element elementor-element-a9d9793\" data-id=\"a9d9793\" data-element_type=\"column\">\n\t\t\t<div class=\"elementor-widget-wrap elementor-element-populated\">\n\t\t\t\t\t\t<div class=\"elementor-element elementor-element-d691118 elementor-widget elementor-widget-gva_post_breadcrumb\" data-id=\"d691118\" data-element_type=\"widget\" data-widget_type=\"gva_post_breadcrumb.default\">\n\t\t\t\t<div class=\"elementor-widget-container\">\n\t\t\t<div class=\"gva-element-gva_post_breadcrumb gva-element\">   \r\n<div class=\"post-breadcrumb\">\r\n   <div class=\"custom-breadcrumb\" >\r\n            <div class=\"breadcrumb-main\">\r\n        <div class=\"container\">\r\n          <div class=\"breadcrumb-container-inner\">\r\n            <h2 class=\"heading-title\">News II<\/h2><ol class=\"breadcrumb\"><li><a href=\"https:\/\/veltenalimentos.com.br\/en\">Home<\/a> <\/li> <li class=\"active\">Page<\/li><\/ol>          <\/div>  \r\n        <\/div>   \r\n      <\/div>  \r\n   <\/div>\r\n<\/div>      \r\n\r\n<\/div>\t\t<\/div>\n\t\t\t\t<\/div>\n\t\t\t\t\t<\/div>\n\t\t<\/div>\n\t\t\t\t\t<\/div>\n\t\t<\/section>\n\t\t\t\t<section class=\"elementor-section elementor-top-section elementor-element elementor-element-26d009d7 elementor-section-boxed elementor-section-height-default elementor-section-height-default shape-bg-top-no shape-bg-bottom-no\" data-id=\"26d009d7\" data-element_type=\"section\">\n\t\t\t\t\t\t<div class=\"elementor-container elementor-column-gap-default\">\n\t\t\t\t\t<div class=\"elementor-column elementor-col-100 elementor-top-column elementor-element elementor-element-2a3a0f88\" data-id=\"2a3a0f88\" data-element_type=\"column\">\n\t\t\t<div class=\"elementor-widget-wrap elementor-element-populated\">\n\t\t\t\t\t\t<div class=\"elementor-element elementor-element-158a6e68 elementor-widget elementor-widget-gva-posts\" data-id=\"158a6e68\" data-element_type=\"widget\" data-widget_type=\"gva-posts.default\">\n\t\t\t\t<div class=\"elementor-widget-container\">\n\t\t\t<div class=\"gva-element-gva-posts gva-element\">  \r\n  <div class=\"gva-posts-grid clearfix gva-posts\">\r\n\t\t<div class=\"gva-content-items\"> \r\n\t\t  <div class=\"lg-block-grid-3 md-block-grid-3 sm-block-grid-2 xs-block-grid-2 xx-block-grid-1\">\r\n\t\t\t <div class=\"item-columns\">\r\n<article id=\"post-1823\" class=\"post post-style-3 post-1823 type-post status-publish format-standard has-post-thumbnail hentry category-midia\">\r\n   <div class=\"post-thumbnail\" style=\"background-image:url('https:\/\/veltenalimentos.com.br\/wp-content\/uploads\/2022\/10\/thumb-video-580x357.png');\"><\/div>   \r\n   <div class=\"entry-content\">\r\n      <div class=\"content-inner\">\r\n         <div class=\"entry-meta\">\r\n            <div class=\"left\"><img alt='' src='https:\/\/secure.gravatar.com\/avatar\/bacc1b159bdb932ffb955ed1e1a8f8da07f9fe2c7c687561222f339557e3450a?s=160&#038;d=mm&#038;r=g' srcset='https:\/\/secure.gravatar.com\/avatar\/bacc1b159bdb932ffb955ed1e1a8f8da07f9fe2c7c687561222f339557e3450a?s=320&#038;d=mm&#038;r=g 2x' class='avatar avatar-160 photo' height='160' width='160' \/><\/div><div class=\"right\"><span class=\"author vcard\"><i class=\"far fa-user-circle\"><\/i>by&nbsp;valberandrade<\/span><span class=\"post-comment\"><i class=\"far fa-comments\"><\/i>0 comments<\/span><\/div>         <\/div> \r\n         <h2 class=\"entry-title\">\r\n            <a href=\"https:\/\/veltenalimentos.com.br\/en\/2022\/10\/04\/confira-como-e-o-processo-de-producao-de-ovos-de-codorna-em-conserva-no-es\/\">Confira como \u00e9 o processo de produ\u00e7\u00e3o de ovos de codorna em conserva no ES<\/a>\r\n         <\/h2>\r\n      <\/div>\r\n      <div class=\"read-more-arrow\">\r\n         <a href=\"https:\/\/veltenalimentos.com.br\/en\/2022\/10\/04\/confira-como-e-o-processo-de-producao-de-ovos-de-codorna-em-conserva-no-es\/\">\r\n            <i class=\"icon las la-arrow-right\"><\/i>\r\n         <\/a>\r\n      <\/div>\r\n   <\/div>\r\n   <a href=\"https:\/\/veltenalimentos.com.br\/en\/2022\/10\/04\/confira-como-e-o-processo-de-producao-de-ovos-de-codorna-em-conserva-no-es\/\" class=\"link-overlay\"><\/a>\r\n<\/article>   \r\n\r\n  <\/div><div class=\"item-columns\">\r\n<article id=\"post-48\" class=\"post post-style-3 post-48 type-post status-publish format-standard has-post-thumbnail hentry category-receitas tag-facil tag-nutritivo tag-ovos-de-codorna tag-receitas tag-salada\">\r\n   <div class=\"post-thumbnail\" style=\"background-image:url('https:\/\/veltenalimentos.com.br\/wp-content\/uploads\/2020\/03\/WhatsApp-Image-2022-10-04-at-11.03.44-580x435.jpeg');\"><\/div>   \r\n   <div class=\"entry-content\">\r\n      <div class=\"content-inner\">\r\n         <div class=\"entry-meta\">\r\n            <div class=\"left\"><img alt='' src='https:\/\/secure.gravatar.com\/avatar\/bacc1b159bdb932ffb955ed1e1a8f8da07f9fe2c7c687561222f339557e3450a?s=160&#038;d=mm&#038;r=g' srcset='https:\/\/secure.gravatar.com\/avatar\/bacc1b159bdb932ffb955ed1e1a8f8da07f9fe2c7c687561222f339557e3450a?s=320&#038;d=mm&#038;r=g 2x' class='avatar avatar-160 photo' height='160' width='160' \/><\/div><div class=\"right\"><span class=\"author vcard\"><i class=\"far fa-user-circle\"><\/i>by&nbsp;valberandrade<\/span><span class=\"post-comment\"><i class=\"far fa-comments\"><\/i>3 comments<\/span><\/div>         <\/div> \r\n         <h2 class=\"entry-title\">\r\n            <a href=\"https:\/\/veltenalimentos.com.br\/en\/2020\/03\/08\/saladinha-fresca-com-o-que-tiver-em-casa\/\">Saladinha fresca com o que tiver em casa<\/a>\r\n         <\/h2>\r\n      <\/div>\r\n      <div class=\"read-more-arrow\">\r\n         <a href=\"https:\/\/veltenalimentos.com.br\/en\/2020\/03\/08\/saladinha-fresca-com-o-que-tiver-em-casa\/\">\r\n            <i class=\"icon las la-arrow-right\"><\/i>\r\n         <\/a>\r\n      <\/div>\r\n   <\/div>\r\n   <a href=\"https:\/\/veltenalimentos.com.br\/en\/2020\/03\/08\/saladinha-fresca-com-o-que-tiver-em-casa\/\" class=\"link-overlay\"><\/a>\r\n<\/article>   \r\n\r\n  <\/div><div class=\"item-columns\">\r\n<article id=\"post-47\" class=\"post post-style-3 post-47 type-post status-publish format-standard has-post-thumbnail hentry category-receitas tag-aperitivo tag-ovos-de-codorna tag-salame\">\r\n   <div class=\"post-thumbnail\" style=\"background-image:url('https:\/\/veltenalimentos.com.br\/wp-content\/uploads\/2020\/03\/WhatsApp-Image-2022-10-04-at-11.03.45-580x435.jpeg');\"><\/div>   \r\n   <div class=\"entry-content\">\r\n      <div class=\"content-inner\">\r\n         <div class=\"entry-meta\">\r\n            <div class=\"left\"><img alt='' src='https:\/\/secure.gravatar.com\/avatar\/bacc1b159bdb932ffb955ed1e1a8f8da07f9fe2c7c687561222f339557e3450a?s=160&#038;d=mm&#038;r=g' srcset='https:\/\/secure.gravatar.com\/avatar\/bacc1b159bdb932ffb955ed1e1a8f8da07f9fe2c7c687561222f339557e3450a?s=320&#038;d=mm&#038;r=g 2x' class='avatar avatar-160 photo' height='160' width='160' \/><\/div><div class=\"right\"><span class=\"author vcard\"><i class=\"far fa-user-circle\"><\/i>by&nbsp;valberandrade<\/span><span class=\"post-comment\"><i class=\"far fa-comments\"><\/i>0 comments<\/span><\/div>         <\/div> \r\n         <h2 class=\"entry-title\">\r\n            <a href=\"https:\/\/veltenalimentos.com.br\/en\/2020\/03\/08\/aperitivo-de-ovos-de-codorna-com-salame\/\">Aprenda a preparar Aperitivo de Ovos de Codorna com Salame<\/a>\r\n         <\/h2>\r\n      <\/div>\r\n      <div class=\"read-more-arrow\">\r\n         <a href=\"https:\/\/veltenalimentos.com.br\/en\/2020\/03\/08\/aperitivo-de-ovos-de-codorna-com-salame\/\">\r\n            <i class=\"icon las la-arrow-right\"><\/i>\r\n         <\/a>\r\n      <\/div>\r\n   <\/div>\r\n   <a href=\"https:\/\/veltenalimentos.com.br\/en\/2020\/03\/08\/aperitivo-de-ovos-de-codorna-com-salame\/\" class=\"link-overlay\"><\/a>\r\n<\/article>   \r\n\r\n  <\/div><div class=\"item-columns\">\r\n<article id=\"post-46\" class=\"post post-style-3 post-46 type-post status-publish format-standard has-post-thumbnail hentry category-dicas tag-dicas tag-ovos-de-codorna tag-tabua-de-frios\">\r\n   <div class=\"post-thumbnail\" style=\"background-image:url('https:\/\/veltenalimentos.com.br\/wp-content\/uploads\/2020\/03\/WhatsApp-Image-2022-10-04-at-11.03.46-580x435.jpeg');\"><\/div>   \r\n   <div class=\"entry-content\">\r\n      <div class=\"content-inner\">\r\n         <div class=\"entry-meta\">\r\n            <div class=\"left\"><img alt='' src='https:\/\/secure.gravatar.com\/avatar\/bacc1b159bdb932ffb955ed1e1a8f8da07f9fe2c7c687561222f339557e3450a?s=160&#038;d=mm&#038;r=g' srcset='https:\/\/secure.gravatar.com\/avatar\/bacc1b159bdb932ffb955ed1e1a8f8da07f9fe2c7c687561222f339557e3450a?s=320&#038;d=mm&#038;r=g 2x' class='avatar avatar-160 photo' height='160' width='160' \/><\/div><div class=\"right\"><span class=\"author vcard\"><i class=\"far fa-user-circle\"><\/i>by&nbsp;valberandrade<\/span><span class=\"post-comment\"><i class=\"far fa-comments\"><\/i>0 comments<\/span><\/div>         <\/div> \r\n         <h2 class=\"entry-title\">\r\n            <a href=\"https:\/\/veltenalimentos.com.br\/en\/2020\/03\/08\/dicas-para-montar-uma-tabua-de-frios\/\">Dicas para montar uma T\u00e1bua de Frios<\/a>\r\n         <\/h2>\r\n      <\/div>\r\n      <div class=\"read-more-arrow\">\r\n         <a href=\"https:\/\/veltenalimentos.com.br\/en\/2020\/03\/08\/dicas-para-montar-uma-tabua-de-frios\/\">\r\n            <i class=\"icon las la-arrow-right\"><\/i>\r\n         <\/a>\r\n      <\/div>\r\n   <\/div>\r\n   <a href=\"https:\/\/veltenalimentos.com.br\/en\/2020\/03\/08\/dicas-para-montar-uma-tabua-de-frios\/\" class=\"link-overlay\"><\/a>\r\n<\/article>   \r\n\r\n  <\/div>\t\t  <\/div>\r\n\t\t<\/div>\r\n\t\t\t\t\t <div class=\"pagination\">\r\n\t\t\t\t  \t\t\t <\/div>\r\n\t\t  <\/div>\r\n  <\/div>\t\t<\/div>\n\t\t\t\t<\/div>\n\t\t\t\t\t<\/div>\n\t\t<\/div>\n\t\t\t\t\t<\/div>\n\t\t<\/section>\n\t\t\t\t<section class=\"elementor-section elementor-top-section elementor-element elementor-element-e4b1797 elementor-section-boxed elementor-section-height-default elementor-section-height-default shape-bg-top-no shape-bg-bottom-no\" data-id=\"e4b1797\" data-element_type=\"section\" data-settings=\"{&quot;background_background&quot;:&quot;classic&quot;}\">\n\t\t\t\t\t\t\t<div class=\"elementor-background-overlay\"><\/div>\n\t\t\t\t\t\t\t<div class=\"elementor-container elementor-column-gap-default\">\n\t\t\t\t\t<div class=\"elementor-column elementor-col-50 elementor-top-column elementor-element elementor-element-88be77b\" data-id=\"88be77b\" data-element_type=\"column\">\n\t\t\t<div class=\"elementor-widget-wrap elementor-element-populated\">\n\t\t\t\t\t\t<div class=\"elementor-element elementor-element-acfdb58 elementor-widget elementor-widget-gva-heading-block\" data-id=\"acfdb58\" data-element_type=\"widget\" data-widget_type=\"gva-heading-block.default\">\n\t\t\t\t<div class=\"elementor-widget-container\">\n\t\t\t<div class=\"gva-element-gva-heading-block gva-element\">   <div class=\"align-left style-1 widget gsc-heading box-align-left auto-responsive\">\r\n      <div class=\"content-inner\">\r\n         \r\n                  \r\n           \r\n         \r\n                     <h2 class=\"title\">\r\n               <span>Organic food is very popular and good for health these days.<\/span>\r\n            <\/h2>\r\n                  \r\n         \r\n      <\/div>\r\n   <\/div>\r\n<\/div>\t\t<\/div>\n\t\t\t\t<\/div>\n\t\t\t\t\t<\/div>\n\t\t<\/div>\n\t\t\t\t<div class=\"elementor-column elementor-col-50 elementor-top-column elementor-element elementor-element-8ba9b15\" data-id=\"8ba9b15\" data-element_type=\"column\">\n\t\t\t<div class=\"elementor-widget-wrap elementor-element-populated\">\n\t\t\t\t\t\t<div class=\"elementor-element elementor-element-43ca58c elementor-widget__width-auto elementor-widget elementor-widget-html\" data-id=\"43ca58c\" data-element_type=\"widget\" data-widget_type=\"html.default\">\n\t\t\t\t<div class=\"elementor-widget-container\">\n\t\t\t<a class=\"btn-white\" href=\"https:\/\/gaviaspreview.com\/wp\/orgarium\/contact\/\">\n    About Us\n<\/a>\t\t<\/div>\n\t\t\t\t<\/div>\n\t\t\t\t\t<\/div>\n\t\t<\/div>\n\t\t\t\t\t<\/div>\n\t\t<\/section>\n\t\t\t\t<\/div>","protected":false},"excerpt":{"rendered":"<p>25 startups best to sell organic products Home by&nbsp;admin3 comments The Climate Change Mitigation Potential by&nbsp;admin0 comments Organic food export can transform economy by&nbsp;admin0 comments Best organic make-up products that [&hellip;]<\/p>","protected":false},"author":1,"featured_media":0,"parent":0,"menu_order":0,"comment_status":"closed","ping_status":"closed","template":"","meta":{"footnotes":""},"class_list":["post-26","page","type-page","status-publish","hentry"],"yoast_head":"<!-- This site is optimized with the Yoast SEO plugin v27.5 - https:\/\/yoast.com\/product\/yoast-seo-wordpress\/ -->\n<title>News II - Velten Alimentos<\/title>\n<meta name=\"robots\" content=\"index, follow, max-snippet:-1, max-image-preview:large, max-video-preview:-1\" \/>\n<link rel=\"canonical\" href=\"https:\/\/veltenalimentos.com.br\/en\/news-2\/\" \/>\n<meta property=\"og:locale\" content=\"en_US\" \/>\n<meta property=\"og:type\" content=\"article\" \/>\n<meta property=\"og:title\" content=\"News II - Velten Alimentos\" \/>\n<meta property=\"og:description\" content=\"25 startups best to sell organic products Home by&nbsp;admin3 comments The Climate Change Mitigation Potential by&nbsp;admin0 comments Organic food export can transform economy by&nbsp;admin0 comments Best organic make-up products that [&hellip;]\" \/>\n<meta property=\"og:url\" content=\"https:\/\/veltenalimentos.com.br\/en\/news-2\/\" \/>\n<meta property=\"og:site_name\" content=\"Velten Alimentos\" \/>\n<meta property=\"og:image\" content=\"http:\/\/0.gravatar.com\/avatar\/ff85f759d0074f76f01e041beb96c350?s=160&#038;d=mm&#038;r=g\" \/>\n<meta name=\"twitter:card\" content=\"summary_large_image\" \/>\n<script type=\"application\/ld+json\" class=\"yoast-schema-graph\">{\"@context\":\"https:\\\/\\\/schema.org\",\"@graph\":[{\"@type\":\"WebPage\",\"@id\":\"https:\\\/\\\/veltenalimentos.com.br\\\/news-2\\\/\",\"url\":\"https:\\\/\\\/veltenalimentos.com.br\\\/news-2\\\/\",\"name\":\"News II - Velten Alimentos\",\"isPartOf\":{\"@id\":\"https:\\\/\\\/veltenalimentos.com.br\\\/#website\"},\"primaryImageOfPage\":{\"@id\":\"https:\\\/\\\/veltenalimentos.com.br\\\/news-2\\\/#primaryimage\"},\"image\":{\"@id\":\"https:\\\/\\\/veltenalimentos.com.br\\\/news-2\\\/#primaryimage\"},\"thumbnailUrl\":\"http:\\\/\\\/0.gravatar.com\\\/avatar\\\/ff85f759d0074f76f01e041beb96c350?s=160&#038;d=mm&#038;r=g\",\"datePublished\":\"2020-12-08T03:54:16+00:00\",\"breadcrumb\":{\"@id\":\"https:\\\/\\\/veltenalimentos.com.br\\\/news-2\\\/#breadcrumb\"},\"inLanguage\":\"en-US\",\"potentialAction\":[{\"@type\":\"ReadAction\",\"target\":[\"https:\\\/\\\/veltenalimentos.com.br\\\/news-2\\\/\"]}]},{\"@type\":\"ImageObject\",\"inLanguage\":\"en-US\",\"@id\":\"https:\\\/\\\/veltenalimentos.com.br\\\/news-2\\\/#primaryimage\",\"url\":\"http:\\\/\\\/0.gravatar.com\\\/avatar\\\/ff85f759d0074f76f01e041beb96c350?s=160&#038;d=mm&#038;r=g\",\"contentUrl\":\"http:\\\/\\\/0.gravatar.com\\\/avatar\\\/ff85f759d0074f76f01e041beb96c350?s=160&#038;d=mm&#038;r=g\"},{\"@type\":\"BreadcrumbList\",\"@id\":\"https:\\\/\\\/veltenalimentos.com.br\\\/news-2\\\/#breadcrumb\",\"itemListElement\":[{\"@type\":\"ListItem\",\"position\":1,\"name\":\"In\u00edcio\",\"item\":\"https:\\\/\\\/veltenalimentos.com.br\\\/\"},{\"@type\":\"ListItem\",\"position\":2,\"name\":\"News II\"}]},{\"@type\":\"WebSite\",\"@id\":\"https:\\\/\\\/veltenalimentos.com.br\\\/#website\",\"url\":\"https:\\\/\\\/veltenalimentos.com.br\\\/\",\"name\":\"Velten Alimentos\",\"description\":\"Ovos de Codorna em Conserva\",\"potentialAction\":[{\"@type\":\"SearchAction\",\"target\":{\"@type\":\"EntryPoint\",\"urlTemplate\":\"https:\\\/\\\/veltenalimentos.com.br\\\/?s={search_term_string}\"},\"query-input\":{\"@type\":\"PropertyValueSpecification\",\"valueRequired\":true,\"valueName\":\"search_term_string\"}}],\"inLanguage\":\"en-US\"}]}<\/script>\n<!-- \/ Yoast SEO plugin. -->","yoast_head_json":{"title":"News II - Velten Alimentos","robots":{"index":"index","follow":"follow","max-snippet":"max-snippet:-1","max-image-preview":"max-image-preview:large","max-video-preview":"max-video-preview:-1"},"canonical":"https:\/\/veltenalimentos.com.br\/en\/news-2\/","og_locale":"en_US","og_type":"article","og_title":"News II - Velten Alimentos","og_description":"25 startups best to sell organic products Home by&nbsp;admin3 comments The Climate Change Mitigation Potential by&nbsp;admin0 comments Organic food export can transform economy by&nbsp;admin0 comments Best organic make-up products that [&hellip;]","og_url":"https:\/\/veltenalimentos.com.br\/en\/news-2\/","og_site_name":"Velten Alimentos","og_image":[{"url":"http:\/\/0.gravatar.com\/avatar\/ff85f759d0074f76f01e041beb96c350?s=160&#038;d=mm&#038;r=g","type":"","width":"","height":""}],"twitter_card":"summary_large_image","schema":{"@context":"https:\/\/schema.org","@graph":[{"@type":"WebPage","@id":"https:\/\/veltenalimentos.com.br\/news-2\/","url":"https:\/\/veltenalimentos.com.br\/news-2\/","name":"News II - Velten Alimentos","isPartOf":{"@id":"https:\/\/veltenalimentos.com.br\/#website"},"primaryImageOfPage":{"@id":"https:\/\/veltenalimentos.com.br\/news-2\/#primaryimage"},"image":{"@id":"https:\/\/veltenalimentos.com.br\/news-2\/#primaryimage"},"thumbnailUrl":"http:\/\/0.gravatar.com\/avatar\/ff85f759d0074f76f01e041beb96c350?s=160&#038;d=mm&#038;r=g","datePublished":"2020-12-08T03:54:16+00:00","breadcrumb":{"@id":"https:\/\/veltenalimentos.com.br\/news-2\/#breadcrumb"},"inLanguage":"en-US","potentialAction":[{"@type":"ReadAction","target":["https:\/\/veltenalimentos.com.br\/news-2\/"]}]},{"@type":"ImageObject","inLanguage":"en-US","@id":"https:\/\/veltenalimentos.com.br\/news-2\/#primaryimage","url":"http:\/\/0.gravatar.com\/avatar\/ff85f759d0074f76f01e041beb96c350?s=160&#038;d=mm&#038;r=g","contentUrl":"http:\/\/0.gravatar.com\/avatar\/ff85f759d0074f76f01e041beb96c350?s=160&#038;d=mm&#038;r=g"},{"@type":"BreadcrumbList","@id":"https:\/\/veltenalimentos.com.br\/news-2\/#breadcrumb","itemListElement":[{"@type":"ListItem","position":1,"name":"In\u00edcio","item":"https:\/\/veltenalimentos.com.br\/"},{"@type":"ListItem","position":2,"name":"News II"}]},{"@type":"WebSite","@id":"https:\/\/veltenalimentos.com.br\/#website","url":"https:\/\/veltenalimentos.com.br\/","name":"Velten Alimentos","description":"Ovos de Codorna em Conserva","potentialAction":[{"@type":"SearchAction","target":{"@type":"EntryPoint","urlTemplate":"https:\/\/veltenalimentos.com.br\/?s={search_term_string}"},"query-input":{"@type":"PropertyValueSpecification","valueRequired":true,"valueName":"search_term_string"}}],"inLanguage":"en-US"}]}},"_links":{"self":[{"href":"https:\/\/veltenalimentos.com.br\/en\/wp-json\/wp\/v2\/pages\/26","targetHints":{"allow":["GET"]}}],"collection":[{"href":"https:\/\/veltenalimentos.com.br\/en\/wp-json\/wp\/v2\/pages"}],"about":[{"href":"https:\/\/veltenalimentos.com.br\/en\/wp-json\/wp\/v2\/types\/page"}],"author":[{"embeddable":true,"href":"https:\/\/veltenalimentos.com.br\/en\/wp-json\/wp\/v2\/users\/1"}],"replies":[{"embeddable":true,"href":"https:\/\/veltenalimentos.com.br\/en\/wp-json\/wp\/v2\/comments?post=26"}],"version-history":[{"count":0,"href":"https:\/\/veltenalimentos.com.br\/en\/wp-json\/wp\/v2\/pages\/26\/revisions"}],"wp:attachment":[{"href":"https:\/\/veltenalimentos.com.br\/en\/wp-json\/wp\/v2\/media?parent=26"}],"curies":[{"name":"wp","href":"https:\/\/api.w.org\/{rel}","templated":true}]}}